{"id":253,"date":"2017-09-27T17:08:21","date_gmt":"2017-09-27T17:08:21","guid":{"rendered":"https:\/\/elessi.nasatheme.com\/?page_id=253"},"modified":"2023-06-12T12:59:05","modified_gmt":"2023-06-12T10:59:05","slug":"contact","status":"publish","type":"page","link":"https:\/\/www.rfc-seraing.be\/fanshop\/contact\/","title":{"rendered":"Contact"},"content":{"rendered":"<p>[vc_row bg_type=\u00a0\u00bbno_bg\u00a0\u00bb bg_grad=\u00a0\u00bbbackground: -webkit-gradient(linear, left top, left bottom, color-stop(0%, #E3E3E3));background: -moz-linear-gradient(top,#E3E3E3 0%);background: -webkit-linear-gradient(top,#E3E3E3 0%);background: -o-linear-gradient(top,#E3E3E3 0%);background: -ms-linear-gradient(top,#E3E3E3 0%);background: linear-gradient(top,#E3E3E3 0%);\u00a0\u00bb parallax_style=\u00a0\u00bbvcpb-default\u00a0\u00bb bg_image_repeat=\u00a0\u00bbrepeat\u00a0\u00bb bg_image_size=\u00a0\u00bbcover\u00a0\u00bb bg_img_attach=\u00a0\u00bbscroll\u00a0\u00bb parallax_sense=\u00a0\u00bb30&Prime; animation_direction=\u00a0\u00bbleft-animation\u00a0\u00bb animation_repeat=\u00a0\u00bbrepeat\u00a0\u00bb video_opts=\u00a0\u00bb\u00a0\u00bb bg_override=\u00a0\u00bb0&Prime; parallax_content_sense=\u00a0\u00bb30&Prime; fadeout_start_effect=\u00a0\u00bb30&Prime; overlay_pattern_opacity=\u00a0\u00bb80&Prime; seperator_type=\u00a0\u00bbnone_seperator\u00a0\u00bb seperator_position=\u00a0\u00bbtop_seperator\u00a0\u00bb seperator_shape_size=\u00a0\u00bb40&Prime; seperator_svg_height=\u00a0\u00bb60&Prime; seperator_shape_background=\u00a0\u00bb#ffffff\u00a0\u00bb seperator_shape_border=\u00a0\u00bbnone\u00a0\u00bb seperator_shape_border_width=\u00a0\u00bb1&Prime; icon_type=\u00a0\u00bbno_icon\u00a0\u00bb icon_size=\u00a0\u00bb32&Prime; icon_style=\u00a0\u00bbnone\u00a0\u00bb icon_color_border=\u00a0\u00bb#333333&Prime; icon_border_size=\u00a0\u00bb1&Prime; icon_border_radius=\u00a0\u00bb500&Prime; icon_border_spacing=\u00a0\u00bb50&Prime; img_width=\u00a0\u00bb48&Prime; ult_hide_row_large_screen=\u00a0\u00bboff\u00a0\u00bb ult_hide_row_desktop=\u00a0\u00bboff\u00a0\u00bb ult_hide_row_tablet=\u00a0\u00bboff\u00a0\u00bb ult_hide_row_tablet_small=\u00a0\u00bboff\u00a0\u00bb ult_hide_row_mobile=\u00a0\u00bboff\u00a0\u00bb ult_hide_row_mobile_large=\u00a0\u00bboff\u00a0\u00bb el_class=\u00a0\u00bbmargin-top-30 margin-bottom-50&Prime;][vc_column width=\u00a0\u00bb1\/2&Prime; el_class=\u00a0\u00bbmobile-margin-bottom-20&Prime;][vc_gmaps link=\u00a0\u00bb#E-8_JTNDaWZyYW1lJTIwc3JjJTNEJTIyaHR0cHMlM0ElMkYlMkZ3d3cuZ29vZ2xlLmNvbSUyRm1hcHMlMkZlbWJlZCUzRnBiJTNEJTIxMW0xNCUyMTFtOCUyMTFtMyUyMTFkMTAxMjkuNzQ3MzE5NzE1NDEyJTIxMmQ1LjUwMzE4MDklMjEzZDUwLjYwMDQyJTIxM20yJTIxMWkxMDI0JTIxMmk3NjglMjE0ZjEzLjElMjEzbTMlMjExbTIlMjExczB4MCUyNTNBMHhjMWZiODI1MmQ4NDU1ZWMyJTIxMnNTdGFkZSUyNTIwZHUlMjUyMFBhaXJheSUyMTVlMCUyMTNtMiUyMTFzZnIlMjEyc2JlJTIxNHYxNjA2NzMzOTYyNTk4JTIxNW0yJTIxMXNmciUyMTJzYmUlMjIlMjB3aWR0aCUzRCUyMjYwMCUyMiUyMGhlaWdodCUzRCUyMjM1MCUyMiUyMGZyYW1lYm9yZGVyJTNEJTIyMCUyMiUyMHN0eWxlJTNEJTIyYm9yZGVyJTNBMCUzQiUyMiUyMGFsbG93ZnVsbHNjcmVlbiUzRCUyMiUyMiUyMGFyaWEtaGlkZGVuJTNEJTIyZmFsc2UlMjIlMjB0YWJpbmRleCUzRCUyMjAlMjIlM0UlM0MlMkZpZnJhbWUlM0U=\u00a0\u00bb][\/vc_column][vc_column width=\u00a0\u00bb1\/2&Prime; el_class=\u00a0\u00bbpadding-side-mobile-0&Prime; css=\u00a0\u00bb.vc_custom_1505055254580{padding-left: 20px !important;}\u00a0\u00bb][vc_row_inner][vc_column_inner]<div class=\"nasa-title clearfix hr-type-none\"><div class=\"nasa-wrap\"><h4 class=\"nasa-heading-title\"><span class=\"nasa-title-wrap\"><span style=\"background: #ffffff;\">Adresse<\/span><span class=\"nasa-title-hr\"><\/span><\/span><\/h4><\/div><\/div>[vc_column_text]<strong>Stade du Pairay<\/strong><\/p>\n<p>Rue de la Boverie 249<br \/>\n4100 Seraing[\/vc_column_text][vc_empty_space height=\u00a0\u00bb30px\u00a0\u00bb][vc_empty_space height=\u00a0\u00bb45px\u00a0\u00bb]<div class=\"nasa-title clearfix hr-type-none\"><div class=\"nasa-wrap\"><h4 class=\"nasa-heading-title\"><span class=\"nasa-title-wrap\"><span style=\"background: #ffffff;\">Contact<\/span><span class=\"nasa-title-hr\"><\/span><\/span><\/h4><\/div><\/div>[vc_column_text]T\u00e9l\u00e9phone secr\u00e9tariat :<br \/>\n+32 4 338 07 27<\/p>\n<p>Adresse email :<br \/>\nmerchandising@rfc-seraing.be[\/vc_column_text][\/vc_column_inner][\/vc_row_inner][\/vc_column][\/vc_row]<\/p>\n","protected":false},"excerpt":{"rendered":"<p>[vc_row bg_type=\u00a0\u00bbno_bg\u00a0\u00bb bg_grad=\u00a0\u00bbbackground: -webkit-gradient(linear, left top, left bottom, color-stop(0%, #E3E3E3));background: -moz-linear-gradient(top,#E3E3E3 0%);background: -webkit-linear-gradient(top,#E3E3E3 0%);background: -o-linear-gradient(top,#E3E3E3 0%);background: -ms-linear-gradient(top,#E3E3E3 0%);background: linear-gradient(top,#E3E3E3 0%);\u00a0\u00bb parallax_style=\u00a0\u00bbvcpb-default\u00a0\u00bb bg_image_repeat=\u00a0\u00bbrepeat\u00a0\u00bb bg_image_size=\u00a0\u00bbcover\u00a0\u00bb bg_img_attach=\u00a0\u00bbscroll\u00a0\u00bb parallax_sense=\u00a0\u00bb30&Prime; animation_direction=\u00a0\u00bbleft-animation\u00a0\u00bb animation_repeat=\u00a0\u00bbrepeat\u00a0\u00bb video_opts=\u00a0\u00bb\u00a0\u00bb bg_override=\u00a0\u00bb0&Prime; parallax_content_sense=\u00a0\u00bb30&Prime; fadeout_start_effect=\u00a0\u00bb30&Prime; overlay_pattern_opacity=\u00a0\u00bb80&Prime; seperator_type=\u00a0\u00bbnone_seperator\u00a0\u00bb seperator_position=\u00a0\u00bbtop_seperator\u00a0\u00bb seperator_shape_size=\u00a0\u00bb40&Prime; seperator_svg_height=\u00a0\u00bb60&Prime; seperator_shape_background=\u00a0\u00bb#ffffff\u00a0\u00bb seperator_shape_border=\u00a0\u00bbnone\u00a0\u00bb seperator_shape_border_width=\u00a0\u00bb1&Prime; icon_type=\u00a0\u00bbno_icon\u00a0\u00bb icon_size=\u00a0\u00bb32&Prime; icon_style=\u00a0\u00bbnone\u00a0\u00bb icon_color_border=\u00a0\u00bb#333333&Prime; icon_border_size=\u00a0\u00bb1&Prime; icon_border_radius=\u00a0\u00bb500&Prime; icon_border_spacing=\u00a0\u00bb50&Prime; img_width=\u00a0\u00bb48&Prime; ult_hide_row_large_screen=\u00a0\u00bboff\u00a0\u00bb ult_hide_row_desktop=\u00a0\u00bboff\u00a0\u00bb ult_hide_row_tablet=\u00a0\u00bboff\u00a0\u00bb ult_hide_row_tablet_small=\u00a0\u00bboff\u00a0\u00bb ult_hide_row_mobile=\u00a0\u00bboff\u00a0\u00bb ult_hide_row_mobile_large=\u00a0\u00bboff\u00a0\u00bb el_class=\u00a0\u00bbmargin-top-30 margin-bottom-50&Prime;][vc_column [&hellip;]<\/p>\n","protected":false},"author":1,"featured_media":0,"parent":0,"menu_order":0,"comment_status":"closed","ping_status":"closed","template":"page-visual-composer.php","meta":{"footnotes":""},"class_list":["post-253","page","type-page","status-publish","hentry"],"jetpack_sharing_enabled":true,"_links":{"self":[{"href":"https:\/\/www.rfc-seraing.be\/fanshop\/wp-json\/wp\/v2\/pages\/253","targetHints":{"allow":["GET"]}}],"collection":[{"href":"https:\/\/www.rfc-seraing.be\/fanshop\/wp-json\/wp\/v2\/pages"}],"about":[{"href":"https:\/\/www.rfc-seraing.be\/fanshop\/wp-json\/wp\/v2\/types\/page"}],"author":[{"embeddable":true,"href":"https:\/\/www.rfc-seraing.be\/fanshop\/wp-json\/wp\/v2\/users\/1"}],"replies":[{"embeddable":true,"href":"https:\/\/www.rfc-seraing.be\/fanshop\/wp-json\/wp\/v2\/comments?post=253"}],"version-history":[{"count":7,"href":"https:\/\/www.rfc-seraing.be\/fanshop\/wp-json\/wp\/v2\/pages\/253\/revisions"}],"predecessor-version":[{"id":5783,"href":"https:\/\/www.rfc-seraing.be\/fanshop\/wp-json\/wp\/v2\/pages\/253\/revisions\/5783"}],"wp:attachment":[{"href":"https:\/\/www.rfc-seraing.be\/fanshop\/wp-json\/wp\/v2\/media?parent=253"}],"curies":[{"name":"wp","href":"https:\/\/api.w.org\/{rel}","templated":true}]}}