{"id":3921,"date":"2021-02-04T14:57:06","date_gmt":"2021-02-04T13:57:06","guid":{"rendered":"https:\/\/www.rfc-seraing.be\/fanshop\/?page_id=3921"},"modified":"2023-11-30T15:09:13","modified_gmt":"2023-11-30T14:09:13","slug":"livraison-retour","status":"publish","type":"page","link":"https:\/\/www.rfc-seraing.be\/fanshop\/livraison-retour\/","title":{"rendered":"Livraison\/Retrait &#038; Retour"},"content":{"rendered":"<p>[vc_row][vc_column][vc_empty_space][vc_column_text]<\/p>\n<h1>Retrait au Fan-shop<\/h1>\n<p>Pour les retrais au Fan-shop, vous recevrez un courriel de confirmation dans un maximum 10 jours suivant votre commande vous informant de la disponibilit\u00e9 de celle-ci pour le retrait.<\/p>\n<h1>Livraison<\/h1>\n<p>Pour les livraisons du webshop, le RFC Seraing livre les commandes avec le transporteur Bpost.<\/p>\n<p>La livraison a lieu dans un maximum de 30 jours apr\u00e8s la commande, y compris les produits personnalis\u00e9s.<\/p>\n<p>Si votre colis rentre dans la bo\u00eete aux lettres, le transporteur l&rsquo;y livrera. Sinon, une tentative de livraison sera effectu\u00e9e. Si vous n&rsquo;\u00eates pas l\u00e0 au moment de la livraison, le transporteur reprendra votre colis en laissant un avis de passage dans votre bo\u00eete au lettres.<\/p>\n<h1>Frais de livraison<\/h1>\n<p>Les frais de livraison sont calcul\u00e9s en fonction de votre adresse de livraison et sont gratuits si le retrait s&rsquo;effectue \u00e0 notre adresse.<\/p>\n<p>Pour cela, nous avons cr\u00e9\u00e9 diff\u00e9rentes zones avec des tarifs (TVA comprise) sp\u00e9cifiques:<\/p>\n<p><strong>ZONE 1 BELGIQUE : 10\u20ac<\/strong><\/p>\n<ul>\n<li>BELGIQUE<\/li>\n<\/ul>\n<p><strong>ZONE 2 FRONTALI\u00c8RE : 20\u20ac<\/strong><\/p>\n<ul>\n<li>ALLEMAGNE &#8211; FRANCE &#8211; LUXEMBOURG &#8211;\u00a0PAYS-BAS<\/li>\n<\/ul>\n<p><strong>ZONE 3 UNION EUROP\u00c9ENNE : 30\u20ac<\/strong><\/p>\n<ul>\n<li>RESTE DE L&rsquo;EUROPE<\/li>\n<\/ul>\n<p><strong>ZONE 4 RESTE DU MONDE : 60\u20ac<\/strong><\/p>\n<ul>\n<li>RESTE DU MONDE<\/li>\n<\/ul>\n<p>La livraison est effectu\u00e9e par le transporteur BPOST. Les frais de livraison pour les retours \u00e9ventuels sont \u00e0 la charge de l&rsquo;acheteur suivant nos <a href=\"https:\/\/www.rfc-seraing.be\/fanshop\/cgv\/\">conditions g\u00e9n\u00e9rales de vente<\/a>.<\/p>\n<h1>Retour<\/h1>\n<p>L&rsquo;article que vous avez command\u00e9 ne vous convient pas ? Ou ce n&rsquo;est pas ce que vous attendez ?<\/p>\n<p>En tant que consommateur, vous pouvez retourner votre article dans les 14 jours de calendrier \u00e0 dater du lendemain de la livraison.<\/p>\n<p>Vous devez pour cela contacter la boutique en ligne du RFC Seraing par mail\u00a0:\u00a0\u00a0<a href=\"mailto:merchandising@rfc-seraing.be\">merchandising@rfc-seraing.be<\/a>. Vous recevrez ensuite un e-mail avec les \u00e9tapes \u00e0 suivre afin de terminer la proc\u00e9dure.<\/p>\n<p>Le montant de votre article vous sera rembours\u00e9, et vous pourrez passer une nouvelle commande.<\/p>\n<p>\u26a0\ufe0fPour b\u00e9n\u00e9ficier du remboursement de l&rsquo;achat, certaines conditions sont n\u00e9cessaires :<\/p>\n<ul>\n<li>\u00catre dans l&#8217;emballage d&rsquo;origine intact ;<\/li>\n<li>Nouveau, inutilis\u00e9 et non port\u00e9* ;<\/li>\n<li>Complet (accessoire, notice, \u2026) ;<\/li>\n<li>Accompagn\u00e9 de la facture d&rsquo;origine correspondante.<\/li>\n<\/ul>\n<p><em>*Cela signifie que l&rsquo;article n&rsquo;a pas d&rsquo;odeur, de parfum et qu&rsquo;il n&rsquo;y a pas de t\u00e2ches. Les \u00e9tiquettes ne montrent aucun signe d&rsquo;utilisation et doivent \u00eatre attach\u00e9s au produit.<\/em><\/p>\n<p>\u26a0\ufe0fIL N&rsquo;EST PAS POSSIBLE DE RETOURNER UN ARTICLE PERSONNALIS\u00c9 !<\/p>\n<p>Tous les produits personnalis\u00e9s \u00e0 la demande du client tel que les maillots avec flocage personnalis\u00e9, les produits trainings personnalis\u00e9s, les mugs et autres produits personnalisables, ne seront ni \u00e9chang\u00e9s, ni rembours\u00e9s.<\/p>\n<p>\u26a0\ufe0fLES ARTICLES ENDOMMAG\u00c9S NE PEUVENT \u00caTRE RETOURN\u00c9S. Tous les articles retourn\u00e9s seront inspect\u00e9s lors de la r\u00e9ception.<\/p>\n<p>Si les conditions ci-dessus ne sont pas respect\u00e9es, nous nous r\u00e9servons le droit de refuser le\u00a0colis retour ou le\u00a0remboursement.<\/p>\n<p>Les frais d&rsquo;envoi en cas de retour d&rsquo;un colis sont \u00e0 charge du client. Afin d&rsquo;\u00e9viter un surco\u00fbt, il est possible de d\u00e9poser le colis au secr\u00e9tariat du stade.<\/p>\n<p>RFC SERAING<\/p>\n<p>Rue de la Boverie, 249<\/p>\n<p>4100 SERAING<\/p>\n<p>BELGIQUE[\/vc_column_text][vc_empty_space][\/vc_column][\/vc_row]<\/p>\n","protected":false},"excerpt":{"rendered":"<p>[vc_row][vc_column][vc_empty_space][vc_column_text] Retrait au Fan-shop Pour les retrais au Fan-shop, vous recevrez un courriel de confirmation dans un maximum 10 jours suivant votre commande vous informant de la disponibilit\u00e9 de celle-ci pour le retrait. Livraison Pour les livraisons du webshop, le RFC Seraing livre les commandes avec le transporteur Bpost. La livraison a lieu dans un [&hellip;]<\/p>\n","protected":false},"author":1,"featured_media":0,"parent":0,"menu_order":0,"comment_status":"closed","ping_status":"closed","template":"page-blank.php","meta":{"footnotes":""},"class_list":["post-3921","page","type-page","status-publish","hentry"],"jetpack_sharing_enabled":true,"_links":{"self":[{"href":"https:\/\/www.rfc-seraing.be\/fanshop\/wp-json\/wp\/v2\/pages\/3921","targetHints":{"allow":["GET"]}}],"collection":[{"href":"https:\/\/www.rfc-seraing.be\/fanshop\/wp-json\/wp\/v2\/pages"}],"about":[{"href":"https:\/\/www.rfc-seraing.be\/fanshop\/wp-json\/wp\/v2\/types\/page"}],"author":[{"embeddable":true,"href":"https:\/\/www.rfc-seraing.be\/fanshop\/wp-json\/wp\/v2\/users\/1"}],"replies":[{"embeddable":true,"href":"https:\/\/www.rfc-seraing.be\/fanshop\/wp-json\/wp\/v2\/comments?post=3921"}],"version-history":[{"count":14,"href":"https:\/\/www.rfc-seraing.be\/fanshop\/wp-json\/wp\/v2\/pages\/3921\/revisions"}],"predecessor-version":[{"id":5958,"href":"https:\/\/www.rfc-seraing.be\/fanshop\/wp-json\/wp\/v2\/pages\/3921\/revisions\/5958"}],"wp:attachment":[{"href":"https:\/\/www.rfc-seraing.be\/fanshop\/wp-json\/wp\/v2\/media?parent=3921"}],"curies":[{"name":"wp","href":"https:\/\/api.w.org\/{rel}","templated":true}]}}