{"id":5778,"date":"2023-06-12T12:46:45","date_gmt":"2023-06-12T10:46:45","guid":{"rendered":"https:\/\/www.rfc-seraing.be\/fanshop\/?page_id=5778"},"modified":"2023-06-12T12:53:38","modified_gmt":"2023-06-12T10:53:38","slug":"methode-de-paiement","status":"publish","type":"page","link":"https:\/\/www.rfc-seraing.be\/fanshop\/methode-de-paiement\/","title":{"rendered":"M\u00e9thode de paiement"},"content":{"rendered":"<p>[vc_row][vc_column][vc_empty_space][vc_column_text]<\/p>\n<h1 style=\"text-align: left;\">M\u00e9thodes de paiement<\/h1>\n<p style=\"text-align: left;\">Le webshop du RFC Seraing propose un syst\u00e8me de paiement s\u00e9curis\u00e9 via Mollie, pour Mr Cash \/ Bancontact, Mastercard, et Visa.<\/p>\n<p style=\"text-align: left;\">Tous les prix incluent la TVA.<\/p>\n<p>&nbsp;<\/p>\n<p>[\/vc_column_text][vc_empty_space][\/vc_column][\/vc_row]<\/p>\n","protected":false},"excerpt":{"rendered":"<p>[vc_row][vc_column][vc_empty_space][vc_column_text] M\u00e9thodes de paiement Le webshop du RFC Seraing propose un syst\u00e8me de paiement s\u00e9curis\u00e9 via Mollie, pour Mr Cash \/ Bancontact, Mastercard, et Visa. Tous les prix incluent la TVA. &nbsp; [\/vc_column_text][vc_empty_space][\/vc_column][\/vc_row]<\/p>\n","protected":false},"author":250,"featured_media":0,"parent":0,"menu_order":0,"comment_status":"closed","ping_status":"closed","template":"","meta":{"footnotes":""},"class_list":["post-5778","page","type-page","status-publish","hentry"],"jetpack_sharing_enabled":true,"_links":{"self":[{"href":"https:\/\/www.rfc-seraing.be\/fanshop\/wp-json\/wp\/v2\/pages\/5778","targetHints":{"allow":["GET"]}}],"collection":[{"href":"https:\/\/www.rfc-seraing.be\/fanshop\/wp-json\/wp\/v2\/pages"}],"about":[{"href":"https:\/\/www.rfc-seraing.be\/fanshop\/wp-json\/wp\/v2\/types\/page"}],"author":[{"embeddable":true,"href":"https:\/\/www.rfc-seraing.be\/fanshop\/wp-json\/wp\/v2\/users\/250"}],"replies":[{"embeddable":true,"href":"https:\/\/www.rfc-seraing.be\/fanshop\/wp-json\/wp\/v2\/comments?post=5778"}],"version-history":[{"count":4,"href":"https:\/\/www.rfc-seraing.be\/fanshop\/wp-json\/wp\/v2\/pages\/5778\/revisions"}],"predecessor-version":[{"id":5782,"href":"https:\/\/www.rfc-seraing.be\/fanshop\/wp-json\/wp\/v2\/pages\/5778\/revisions\/5782"}],"wp:attachment":[{"href":"https:\/\/www.rfc-seraing.be\/fanshop\/wp-json\/wp\/v2\/media?parent=5778"}],"curies":[{"name":"wp","href":"https:\/\/api.w.org\/{rel}","templated":true}]}}