{"id":3641,"date":"2020-12-03T13:47:24","date_gmt":"2020-12-03T12:47:24","guid":{"rendered":"https:\/\/www.rfc-seraing.be\/fanshop\/?post_type=product&#038;p=3641"},"modified":"2026-02-24T09:54:39","modified_gmt":"2026-02-24T08:54:39","slug":"masque-de-protection-rfc-seraing-modele-mat","status":"publish","type":"product","link":"https:\/\/www.rfc-seraing.be\/fanshop\/produit\/masque-de-protection-rfc-seraing-modele-mat\/","title":{"rendered":"MASQUE DE PROTECTION RFC SERAING MOD\u00c8LE MAT"},"content":{"rendered":"<p>Masque de protection aux couleurs du RFC Seraing.<\/p>\n<p>Mod\u00e8le Mat.<\/p>\n<p>Taille standard.<\/p>\n<style>#sp-ea-6027 .spcollapsing { height: 0; overflow: hidden; transition-property: height;transition-duration: 300ms;}#sp-ea-6027.sp-easy-accordion>.sp-ea-single {margin-bottom: 10px; border: 1px solid #e2e2e2; }#sp-ea-6027.sp-easy-accordion>.sp-ea-single>.ea-header a {color: #444444;}#sp-ea-6027.sp-easy-accordion>.sp-ea-single>.sp-collapse>.ea-body {background: transparent; color: #444;}#sp-ea-6027.sp-easy-accordion>.sp-ea-single {background: transparent;}#sp-ea-6027.sp-easy-accordion>.sp-ea-single>.ea-header a .ea-expand-icon { float: left; color: #444;font-size: 16px;}<\/style><div id=\"sp_easy_accordion-1708598606\"><div id=\"sp-ea-6027\" class=\"sp-ea-one sp-easy-accordion\" data-ea-active=\"ea-click\" data-ea-mode=\"vertical\" data-preloader=\"\" data-scroll-active-item=\"\" data-offset-to-scroll=\"0\"><div class=\"ea-card ea-expand sp-ea-single\"><h3 class=\"ea-header\"><a class=\"collapsed\" id=\"ea-header-60270\" role=\"button\" data-sptoggle=\"spcollapse\" data-sptarget=\"#collapse60270\" aria-controls=\"collapse60270\" href=\"#\" aria-expanded=\"true\" tabindex=\"0\"><i aria-hidden=\"true\" role=\"presentation\" class=\"ea-expand-icon eap-icon-ea-expand-minus\"><\/i> Informations d'exp\u00e9ditions<\/a><\/h3><div class=\"sp-collapse spcollapse collapsed show\" id=\"collapse60270\" role=\"region\" aria-labelledby=\"ea-header-60270\"> <div class=\"ea-body\"><h1>Retrait au Fan-shop<\/h1><p>Pour les retrais au Fan-shop, vous recevrez un courriel de confirmation dans un maximum 10 jours suivant votre commande vous informant de la disponibilit\u00e9 de celle-ci pour le retrait (hors personnalisation).<\/p><h1>Livraison<\/h1><p>Pour les livraisons du webshop, le RFC Seraing livre les commandes avec le transporteur Bpost.<\/p><p>La livraison a lieu dans un maximum de 30 jours apr\u00e8s la commande, y compris les produits personnalis\u00e9s.<\/p><p>Si votre colis rentre dans la bo\u00eete aux lettres, le transporteur l\u2019y livrera. Sinon, une tentative de livraison sera effectu\u00e9e. Si vous n\u2019\u00eates pas l\u00e0 au moment de la livraison, le transporteur reprendra votre colis en laissant un avis de passage dans votre bo\u00eete au lettres.<\/p><\/div><\/div><\/div><\/div><\/div>\n","protected":false},"excerpt":{"rendered":"<p>Masque de protection aux couleurs du RFC Seraing. Mod\u00e8le Mat. Taille standard.<\/p>\n","protected":false},"featured_media":3642,"comment_status":"closed","ping_status":"closed","template":"","meta":[],"product_brand":[],"product_cat":[232,279,248,252],"product_tag":[],"class_list":{"0":"post-3641","1":"product","2":"type-product","3":"status-publish","4":"has-post-thumbnail","6":"product_cat-accessoires-fans","7":"product_cat-divers","8":"product_cat-goodies","9":"product_cat-promotion","11":"first","12":"instock","13":"sale","14":"taxable","15":"shipping-taxable","16":"purchasable","17":"product-type-simple"},"jetpack_sharing_enabled":true,"_links":{"self":[{"href":"https:\/\/www.rfc-seraing.be\/fanshop\/wp-json\/wp\/v2\/product\/3641","targetHints":{"allow":["GET"]}}],"collection":[{"href":"https:\/\/www.rfc-seraing.be\/fanshop\/wp-json\/wp\/v2\/product"}],"about":[{"href":"https:\/\/www.rfc-seraing.be\/fanshop\/wp-json\/wp\/v2\/types\/product"}],"replies":[{"embeddable":true,"href":"https:\/\/www.rfc-seraing.be\/fanshop\/wp-json\/wp\/v2\/comments?post=3641"}],"wp:featuredmedia":[{"embeddable":true,"href":"https:\/\/www.rfc-seraing.be\/fanshop\/wp-json\/wp\/v2\/media\/3642"}],"wp:attachment":[{"href":"https:\/\/www.rfc-seraing.be\/fanshop\/wp-json\/wp\/v2\/media?parent=3641"}],"wp:term":[{"taxonomy":"product_brand","embeddable":true,"href":"https:\/\/www.rfc-seraing.be\/fanshop\/wp-json\/wp\/v2\/product_brand?post=3641"},{"taxonomy":"product_cat","embeddable":true,"href":"https:\/\/www.rfc-seraing.be\/fanshop\/wp-json\/wp\/v2\/product_cat?post=3641"},{"taxonomy":"product_tag","embeddable":true,"href":"https:\/\/www.rfc-seraing.be\/fanshop\/wp-json\/wp\/v2\/product_tag?post=3641"}],"curies":[{"name":"wp","href":"https:\/\/api.w.org\/{rel}","templated":true}]}}