{"id":5336,"date":"2023-01-20T10:20:39","date_gmt":"2023-01-20T09:20:39","guid":{"rendered":"https:\/\/www.rfc-seraing.be\/fanshop\/?post_type=product&#038;p=5336"},"modified":"2026-03-15T18:53:27","modified_gmt":"2026-03-15T17:53:27","slug":"echarpe-rfcs-rouge-logo","status":"publish","type":"product","link":"https:\/\/www.rfc-seraing.be\/fanshop\/produit\/echarpe-rfcs-rouge-logo\/","title":{"rendered":"\u00c9CHARPE &#8211; RFCS ROUGE LOGO"},"content":{"rendered":"<p>\u00c9charpe Spandex (Lycra) simple face de couleur rouge \u00e0 l&rsquo;effigie du RFC Seraing.<\/p>\n<p>D\u00c9TAILS<br \/>\n\u2022 Logo officiel du RFC Seraing aux deux extr\u00e9mit\u00e9s,<br \/>\n\u2022 Lettrage central du RFC Seraing,<br \/>\n\u2022 Dimension de 140 x 18 cm,<br \/>\n\u2022 Bandes noires aux deux extr\u00e9mit\u00e9s,<br \/>\n\u2022 Franges rouges, blanches et noires aux extr\u00e9mit\u00e9s.<\/p>\n<p>MAT\u00c9RIAU<br \/>\n\u2022 Composition : 100% acrylique,<br \/>\n\u2022 Veillez toujours \u00e0 suivre les instructions d&rsquo;entretien figurant sur l&rsquo;\u00e9tiquette.<\/p>\n","protected":false},"excerpt":{"rendered":"<p>\u00c9charpe Spandex (Lycra) simple face de couleur rouge \u00e0 l&rsquo;effigie du RFC Seraing.<\/p>\n<p>D\u00c9TAILS<br \/>\n\u2022 Logo officiel du RFC Seraing aux deux extr\u00e9mit\u00e9s,<br \/>\n\u2022 Lettrage central du RFC Seraing,<br \/>\n\u2022 Dimension de 140&#215;18 cm,<br \/>\n\u2022 Bandes noires aux deux extr\u00e9mit\u00e9s,<br \/>\n\u2022 Franges rouges, blanches et noires aux extr\u00e9mit\u00e9s.<\/p>\n<p>MAT\u00c9RIAU<br \/>\n\u2022 Composition : 100% acrylique,<br \/>\n\u2022 Veillez toujours \u00e0 suivre les instructions d&rsquo;entretien figurant sur l&rsquo;\u00e9tiquette.<\/p>\n","protected":false},"featured_media":5354,"comment_status":"open","ping_status":"closed","template":"","meta":[],"product_brand":[],"product_cat":[232,247,252],"product_tag":[272,274,259,273,277],"class_list":{"0":"post-5336","1":"product","2":"type-product","3":"status-publish","4":"has-post-thumbnail","6":"product_cat-accessoires-fans","7":"product_cat-echarpe","8":"product_cat-promotion","9":"product_tag-echarpe","10":"product_tag-merchandising","11":"product_tag-rfc-seraing","12":"product_tag-rfcs","13":"product_tag-rfcs-echarpe-rouge-logo","15":"first","16":"instock","17":"sale","18":"taxable","19":"shipping-taxable","20":"purchasable","21":"product-type-simple"},"jetpack_sharing_enabled":true,"_links":{"self":[{"href":"https:\/\/www.rfc-seraing.be\/fanshop\/wp-json\/wp\/v2\/product\/5336","targetHints":{"allow":["GET"]}}],"collection":[{"href":"https:\/\/www.rfc-seraing.be\/fanshop\/wp-json\/wp\/v2\/product"}],"about":[{"href":"https:\/\/www.rfc-seraing.be\/fanshop\/wp-json\/wp\/v2\/types\/product"}],"replies":[{"embeddable":true,"href":"https:\/\/www.rfc-seraing.be\/fanshop\/wp-json\/wp\/v2\/comments?post=5336"}],"wp:featuredmedia":[{"embeddable":true,"href":"https:\/\/www.rfc-seraing.be\/fanshop\/wp-json\/wp\/v2\/media\/5354"}],"wp:attachment":[{"href":"https:\/\/www.rfc-seraing.be\/fanshop\/wp-json\/wp\/v2\/media?parent=5336"}],"wp:term":[{"taxonomy":"product_brand","embeddable":true,"href":"https:\/\/www.rfc-seraing.be\/fanshop\/wp-json\/wp\/v2\/product_brand?post=5336"},{"taxonomy":"product_cat","embeddable":true,"href":"https:\/\/www.rfc-seraing.be\/fanshop\/wp-json\/wp\/v2\/product_cat?post=5336"},{"taxonomy":"product_tag","embeddable":true,"href":"https:\/\/www.rfc-seraing.be\/fanshop\/wp-json\/wp\/v2\/product_tag?post=5336"}],"curies":[{"name":"wp","href":"https:\/\/api.w.org\/{rel}","templated":true}]}}