{"id":5815,"date":"2023-08-11T10:15:38","date_gmt":"2023-08-11T08:15:38","guid":{"rendered":"https:\/\/www.rfc-seraing.be\/fanshop\/?post_type=product&#038;p=5815"},"modified":"2025-12-07T15:06:06","modified_gmt":"2025-12-07T14:06:06","slug":"maillot-exterieur-23-24","status":"publish","type":"product","link":"https:\/\/www.rfc-seraing.be\/fanshop\/produit\/maillot-exterieur-23-24\/","title":{"rendered":"MAILLOT EXT\u00c9RIEUR 23\/24"},"content":{"rendered":"<p>Le RFC Seraing et Kappa pr\u00e9sentent le nouveau maillot ext\u00e9rieur de la saison 2023\/24, la r\u00e9plique officielle du maillot de match ext\u00e9rieur pour la nouvelle saison.<\/p>\n<p>Sa couleur jaune est in\u00e9dite pour le deuxi\u00e8me maillot du RFC Seraing. Compos\u00e9 de bandes rouge et noir de part et d&rsquo;autre des manches, ce maillot souhaite rappeler les couleurs de notre drapeau national. Des bandes jaune fonc\u00e9s viennent traverser le maillot sur sa face avant.<\/p>\n<p>PARTENAIRES<br \/>\nStar Casino est le partenaire principal de l&rsquo;avant du maillot, BMW-Mini Delbecq est le partenaire du dos du maillot, et John Cockerill est le partenaire des manches.<\/p>\n<p><em><strong>(Conform\u00e9ment \u00e0 l&rsquo;arr\u00eat\u00e9 royal en vigueur, le flocage Star Casino ne peut pas \u00eatre imprim\u00e9 sur les maillots destin\u00e9s au merchandising. Si vous souhaitez n\u00e9anmoins obtenir le flocage de Star Casino, merci de prendre contact par mail aupr\u00e8s de merchandising@rfc-seraing.be).<\/strong><\/em><\/p>\n<p>D\u00c9TAILS<br \/>\n\u2022 Fabriqu\u00e9 en France,<br \/>\n\u2022 Tissu extensible fabriqu\u00e9 \u00e0 partir de polyester,<br \/>\n\u2022 Logo officiel du RFC Seraing sublim\u00e9 sur la poitrine gauche,<br \/>\n\u2022 Logo du partenaire principal Star Casino imprim\u00e9 sur le devant,<br \/>\n\u2022 Logo du partenaire BMW-Mini Delbecq imprim\u00e9 sur le bas du dos,<br \/>\n\u2022 Logo du partenaire John Cockerill sur la manche droite,<br \/>\n\u2022 Logo Kappa imprim\u00e9 sur la poitrine droite et sur les manches,<br \/>\n\u2022 Bandes fonc\u00e9es constitu\u00e9es de triangles sublim\u00e9s,<br \/>\n\u2022 Bandes rouge et noir situ\u00e9s de part et d&rsquo;autre des manches,<br \/>\n\u2022 Coupe \u00e9troite (CONSEIL : prendre une taille au-dessus).<\/p>\n<p>MATI\u00c8RES ET ENTRETIEN<br \/>\n\u2022 Mati\u00e8re ext\u00e9rieure : 100% polyester<br \/>\n\u2022 D\u00e9tails : 100% polyester<br \/>\n\u2022 Suivez toujours les instructions relatives \u00e0 l&rsquo;entretien de ce v\u00eatement imprim\u00e9 sur l&rsquo;\u00e9tiquette int\u00e9rieure afin de pr\u00e9server son aspect unique.<\/p>\n<style>#sp-ea-6027 .spcollapsing { height: 0; overflow: hidden; transition-property: height;transition-duration: 300ms;}#sp-ea-6027.sp-easy-accordion>.sp-ea-single {margin-bottom: 10px; border: 1px solid #e2e2e2; }#sp-ea-6027.sp-easy-accordion>.sp-ea-single>.ea-header a {color: #444444;}#sp-ea-6027.sp-easy-accordion>.sp-ea-single>.sp-collapse>.ea-body {background: transparent; color: #444;}#sp-ea-6027.sp-easy-accordion>.sp-ea-single {background: transparent;}#sp-ea-6027.sp-easy-accordion>.sp-ea-single>.ea-header a .ea-expand-icon { float: left; color: #444;font-size: 16px;}<\/style><div id=\"sp_easy_accordion-1708598606\"><div id=\"sp-ea-6027\" class=\"sp-ea-one sp-easy-accordion\" data-ea-active=\"ea-click\" data-ea-mode=\"vertical\" data-preloader=\"\" data-scroll-active-item=\"\" data-offset-to-scroll=\"0\"><div class=\"ea-card ea-expand sp-ea-single\"><h3 class=\"ea-header\"><a class=\"collapsed\" id=\"ea-header-60270\" role=\"button\" data-sptoggle=\"spcollapse\" data-sptarget=\"#collapse60270\" aria-controls=\"collapse60270\" href=\"#\" aria-expanded=\"true\" tabindex=\"0\"><i aria-hidden=\"true\" role=\"presentation\" class=\"ea-expand-icon eap-icon-ea-expand-minus\"><\/i> Informations d'exp\u00e9ditions<\/a><\/h3><div class=\"sp-collapse spcollapse collapsed show\" id=\"collapse60270\" role=\"region\" aria-labelledby=\"ea-header-60270\"> <div class=\"ea-body\"><h1>Retrait au Fan-shop<\/h1><p>Pour les retrais au Fan-shop, vous recevrez un courriel de confirmation dans un maximum 10 jours suivant votre commande vous informant de la disponibilit\u00e9 de celle-ci pour le retrait (hors personnalisation).<\/p><h1>Livraison<\/h1><p>Pour les livraisons du webshop, le RFC Seraing livre les commandes avec le transporteur Bpost.<\/p><p>La livraison a lieu dans un maximum de 30 jours apr\u00e8s la commande, y compris les produits personnalis\u00e9s.<\/p><p>Si votre colis rentre dans la bo\u00eete aux lettres, le transporteur l\u2019y livrera. Sinon, une tentative de livraison sera effectu\u00e9e. Si vous n\u2019\u00eates pas l\u00e0 au moment de la livraison, le transporteur reprendra votre colis en laissant un avis de passage dans votre bo\u00eete au lettres.<\/p><\/div><\/div><\/div><\/div><\/div>\n","protected":false},"excerpt":{"rendered":"<p>Le RFC Seraing et Kappa pr\u00e9sentent le nouveau maillot ext\u00e9rieur de la saison 2023\/24, la r\u00e9plique officielle du maillot de match ext\u00e9rieur pour la nouvelle saison. Sa couleur jaune est in\u00e9dite pour le deuxi\u00e8me maillot du RFC Seraing. Compos\u00e9 de bandes rouge et noir de part et d&rsquo;autre des manches, ce maillot souhaite rappeler les [&hellip;]<\/p>\n","protected":false},"featured_media":6250,"comment_status":"open","ping_status":"closed","template":"","meta":[],"product_brand":[],"product_cat":[210,252,200],"product_tag":[],"class_list":{"0":"post-5815","1":"product","2":"type-product","3":"status-publish","4":"has-post-thumbnail","6":"product_cat-exterieur","7":"product_cat-promotion","8":"product_cat-tenues-de-matchs","10":"first","11":"instock","12":"sale","13":"taxable","14":"shipping-taxable","15":"purchasable","16":"product-type-variable"},"jetpack_sharing_enabled":true,"_links":{"self":[{"href":"https:\/\/www.rfc-seraing.be\/fanshop\/wp-json\/wp\/v2\/product\/5815","targetHints":{"allow":["GET"]}}],"collection":[{"href":"https:\/\/www.rfc-seraing.be\/fanshop\/wp-json\/wp\/v2\/product"}],"about":[{"href":"https:\/\/www.rfc-seraing.be\/fanshop\/wp-json\/wp\/v2\/types\/product"}],"replies":[{"embeddable":true,"href":"https:\/\/www.rfc-seraing.be\/fanshop\/wp-json\/wp\/v2\/comments?post=5815"}],"wp:featuredmedia":[{"embeddable":true,"href":"https:\/\/www.rfc-seraing.be\/fanshop\/wp-json\/wp\/v2\/media\/6250"}],"wp:attachment":[{"href":"https:\/\/www.rfc-seraing.be\/fanshop\/wp-json\/wp\/v2\/media?parent=5815"}],"wp:term":[{"taxonomy":"product_brand","embeddable":true,"href":"https:\/\/www.rfc-seraing.be\/fanshop\/wp-json\/wp\/v2\/product_brand?post=5815"},{"taxonomy":"product_cat","embeddable":true,"href":"https:\/\/www.rfc-seraing.be\/fanshop\/wp-json\/wp\/v2\/product_cat?post=5815"},{"taxonomy":"product_tag","embeddable":true,"href":"https:\/\/www.rfc-seraing.be\/fanshop\/wp-json\/wp\/v2\/product_tag?post=5815"}],"curies":[{"name":"wp","href":"https:\/\/api.w.org\/{rel}","templated":true}]}}