{"id":5883,"date":"2023-10-25T13:36:08","date_gmt":"2023-10-25T11:36:08","guid":{"rendered":"https:\/\/www.rfc-seraing.be\/fanshop\/?post_type=product&#038;p=5883"},"modified":"2026-01-22T14:41:56","modified_gmt":"2026-01-22T13:41:56","slug":"t-shirt-map","status":"publish","type":"product","link":"https:\/\/www.rfc-seraing.be\/fanshop\/produit\/t-shirt-map\/","title":{"rendered":"T-SHIRT | MAP"},"content":{"rendered":"<p><strong>EDITION LIMIT\u00c9E<\/strong><\/p>\n<p>D\u00c9TAILS<br \/>\n\u2022 Nom \u00ab\u00a0RFC SERAING\u00a0\u00bb imprim\u00e9 sur le devant,<br \/>\n\u2022 Plan de la ville de Seraing imprim\u00e9 sur le dos<br \/>\n\u2022 Logo officiel du RFC Seraing pr\u00e9sent dans le dos,<br \/>\n\u2022 Slogan \u00ab\u00a0ROUGE PASSION | NOIR CHARBON\u00a0\u00bb imprim\u00e9 sur le pourtour du plan de la ville dans le dos,<br \/>\n\u2022 Taille r\u00e9guli\u00e8re.<\/p>\n<p>MATI\u00c8RES ET ENTRETIEN<br \/>\n\u2022 Mati\u00e8re ext\u00e9rieure : 100% coton.<br \/>\n\u2022 Suivez toujours les instructions relatives \u00e0 l&rsquo;entretien de ce v\u00eatement imprim\u00e9 sur l&rsquo;\u00e9tiquette int\u00e9rieure afin de pr\u00e9server son aspect unique.<\/p>\n<style>#sp-ea-6027 .spcollapsing { height: 0; overflow: hidden; transition-property: height;transition-duration: 300ms;}#sp-ea-6027.sp-easy-accordion>.sp-ea-single {margin-bottom: 10px; border: 1px solid #e2e2e2; }#sp-ea-6027.sp-easy-accordion>.sp-ea-single>.ea-header a {color: #444444;}#sp-ea-6027.sp-easy-accordion>.sp-ea-single>.sp-collapse>.ea-body {background: transparent; color: #444;}#sp-ea-6027.sp-easy-accordion>.sp-ea-single {background: transparent;}#sp-ea-6027.sp-easy-accordion>.sp-ea-single>.ea-header a .ea-expand-icon { float: left; color: #444;font-size: 16px;}<\/style><div id=\"sp_easy_accordion-1708598606\"><div id=\"sp-ea-6027\" class=\"sp-ea-one sp-easy-accordion\" data-ea-active=\"ea-click\" data-ea-mode=\"vertical\" data-preloader=\"\" data-scroll-active-item=\"\" data-offset-to-scroll=\"0\"><div class=\"ea-card ea-expand sp-ea-single\"><h3 class=\"ea-header\"><a class=\"collapsed\" id=\"ea-header-60270\" role=\"button\" data-sptoggle=\"spcollapse\" data-sptarget=\"#collapse60270\" aria-controls=\"collapse60270\" href=\"#\" aria-expanded=\"true\" tabindex=\"0\"><i aria-hidden=\"true\" role=\"presentation\" class=\"ea-expand-icon eap-icon-ea-expand-minus\"><\/i> Informations d'exp\u00e9ditions<\/a><\/h3><div class=\"sp-collapse spcollapse collapsed show\" id=\"collapse60270\" role=\"region\" aria-labelledby=\"ea-header-60270\"> <div class=\"ea-body\"><h1>Retrait au Fan-shop<\/h1><p>Pour les retrais au Fan-shop, vous recevrez un courriel de confirmation dans un maximum 10 jours suivant votre commande vous informant de la disponibilit\u00e9 de celle-ci pour le retrait (hors personnalisation).<\/p><h1>Livraison<\/h1><p>Pour les livraisons du webshop, le RFC Seraing livre les commandes avec le transporteur Bpost.<\/p><p>La livraison a lieu dans un maximum de 30 jours apr\u00e8s la commande, y compris les produits personnalis\u00e9s.<\/p><p>Si votre colis rentre dans la bo\u00eete aux lettres, le transporteur l\u2019y livrera. Sinon, une tentative de livraison sera effectu\u00e9e. Si vous n\u2019\u00eates pas l\u00e0 au moment de la livraison, le transporteur reprendra votre colis en laissant un avis de passage dans votre bo\u00eete au lettres.<\/p><\/div><\/div><\/div><\/div><\/div>\n","protected":false},"excerpt":{"rendered":"<p><strong>EDITION LIMIT\u00c9E<\/strong><\/p>\n","protected":false},"featured_media":5888,"comment_status":"open","ping_status":"closed","template":"","meta":[],"product_brand":[],"product_cat":[197,196],"product_tag":[],"class_list":{"0":"post-5883","1":"product","2":"type-product","3":"status-publish","4":"has-post-thumbnail","6":"product_cat-t-shirts-polos-lyfestyle","7":"product_cat-tenues-lifestyle","9":"first","10":"instock","11":"sale","12":"featured","13":"taxable","14":"shipping-taxable","15":"purchasable","16":"product-type-variable"},"jetpack_sharing_enabled":true,"_links":{"self":[{"href":"https:\/\/www.rfc-seraing.be\/fanshop\/wp-json\/wp\/v2\/product\/5883","targetHints":{"allow":["GET"]}}],"collection":[{"href":"https:\/\/www.rfc-seraing.be\/fanshop\/wp-json\/wp\/v2\/product"}],"about":[{"href":"https:\/\/www.rfc-seraing.be\/fanshop\/wp-json\/wp\/v2\/types\/product"}],"replies":[{"embeddable":true,"href":"https:\/\/www.rfc-seraing.be\/fanshop\/wp-json\/wp\/v2\/comments?post=5883"}],"wp:featuredmedia":[{"embeddable":true,"href":"https:\/\/www.rfc-seraing.be\/fanshop\/wp-json\/wp\/v2\/media\/5888"}],"wp:attachment":[{"href":"https:\/\/www.rfc-seraing.be\/fanshop\/wp-json\/wp\/v2\/media?parent=5883"}],"wp:term":[{"taxonomy":"product_brand","embeddable":true,"href":"https:\/\/www.rfc-seraing.be\/fanshop\/wp-json\/wp\/v2\/product_brand?post=5883"},{"taxonomy":"product_cat","embeddable":true,"href":"https:\/\/www.rfc-seraing.be\/fanshop\/wp-json\/wp\/v2\/product_cat?post=5883"},{"taxonomy":"product_tag","embeddable":true,"href":"https:\/\/www.rfc-seraing.be\/fanshop\/wp-json\/wp\/v2\/product_tag?post=5883"}],"curies":[{"name":"wp","href":"https:\/\/api.w.org\/{rel}","templated":true}]}}