{"id":6093,"date":"2024-08-20T11:57:34","date_gmt":"2024-08-20T09:57:34","guid":{"rendered":"https:\/\/www.rfc-seraing.be\/fanshop\/?post_type=product&#038;p=6093"},"modified":"2026-02-05T14:44:03","modified_gmt":"2026-02-05T13:44:03","slug":"maillot-exterieur-24-25","status":"publish","type":"product","link":"https:\/\/www.rfc-seraing.be\/fanshop\/produit\/maillot-exterieur-24-25\/","title":{"rendered":"MAILLOT EXT\u00c9RIEUR 24\/25"},"content":{"rendered":"<p>Le RFC Seraing et Kappa pr\u00e9sentent le nouveau maillot ext\u00e9rieur de la saison 2024\/2025, la r\u00e9plique officielle du maillot de match ext\u00e9rieur pour la nouvelle saison.<\/p>\n<p>Cette saison, le blanc fait son grand retour au Pairay ! Notre maillot, avec des bandes rouges et noires sur les bordures des manches et du col, \u00e9voque fi\u00e8rement les couleurs du club et son histoire. Au centre du maillot, l&rsquo;image du haut fourneau historique d&rsquo;Ougr\u00e9e rappelle le pass\u00e9 minier de la r\u00e9gion de Seraing. De plus, un motif de m\u00e9tal en fusion orne les manches des deux c\u00f4t\u00e9s.<\/p>\n<p>D\u00c9TAILS<br \/>\n\u2022 Fabriqu\u00e9 au Portugal,<br \/>\n\u2022 Tissu extensible fabriqu\u00e9 \u00e0 partir de polyester,<br \/>\n\u2022 Logo officiel du RFC Seraing sublim\u00e9 sur la poitrine gauche,<br \/>\n\u2022 Maillot sans sponsors,<br \/>\n\u2022 Haut fourneau d&rsquo;Ougr\u00e9e pr\u00e9sent sur l&rsquo;avant du maillot,<br \/>\n\u2022 Motifs de m\u00e9tal liquide sur les manches,<br \/>\n\u2022 Bandes noir situ\u00e9s de part et d&rsquo;autre des rebords des manches et du col,<br \/>\n\u2022 Coupe \u00e9troite (CONSEIL : prendre une taille au-dessus),<br \/>\n\u2022 Maillot r\u00e9plique,<\/p>\n<p>MATI\u00c8RES ET ENTRETIEN<br \/>\n\u2022 Mati\u00e8re ext\u00e9rieure : 100% polyester<br \/>\n\u2022 D\u00e9tails : 100% polyester<br \/>\n\u2022 Suivez toujours les instructions relatives \u00e0 l&rsquo;entretien de ce v\u00eatement imprim\u00e9 sur l&rsquo;\u00e9tiquette int\u00e9rieure afin de pr\u00e9server son aspect unique.<\/p>\n<style>#sp-ea-6027 .spcollapsing { height: 0; overflow: hidden; transition-property: height;transition-duration: 300ms;}#sp-ea-6027.sp-easy-accordion>.sp-ea-single {margin-bottom: 10px; border: 1px solid #e2e2e2; }#sp-ea-6027.sp-easy-accordion>.sp-ea-single>.ea-header a {color: #444444;}#sp-ea-6027.sp-easy-accordion>.sp-ea-single>.sp-collapse>.ea-body {background: transparent; color: #444;}#sp-ea-6027.sp-easy-accordion>.sp-ea-single {background: transparent;}#sp-ea-6027.sp-easy-accordion>.sp-ea-single>.ea-header a .ea-expand-icon { float: left; color: #444;font-size: 16px;}<\/style><div id=\"sp_easy_accordion-1708598606\"><div id=\"sp-ea-6027\" class=\"sp-ea-one sp-easy-accordion\" data-ea-active=\"ea-click\" data-ea-mode=\"vertical\" data-preloader=\"\" data-scroll-active-item=\"\" data-offset-to-scroll=\"0\"><div class=\"ea-card ea-expand sp-ea-single\"><h3 class=\"ea-header\"><a class=\"collapsed\" id=\"ea-header-60270\" role=\"button\" data-sptoggle=\"spcollapse\" data-sptarget=\"#collapse60270\" aria-controls=\"collapse60270\" href=\"#\" aria-expanded=\"true\" tabindex=\"0\"><i aria-hidden=\"true\" role=\"presentation\" class=\"ea-expand-icon eap-icon-ea-expand-minus\"><\/i> Informations d'exp\u00e9ditions<\/a><\/h3><div class=\"sp-collapse spcollapse collapsed show\" id=\"collapse60270\" role=\"region\" aria-labelledby=\"ea-header-60270\"> <div class=\"ea-body\"><h1>Retrait au Fan-shop<\/h1><p>Pour les retrais au Fan-shop, vous recevrez un courriel de confirmation dans un maximum 10 jours suivant votre commande vous informant de la disponibilit\u00e9 de celle-ci pour le retrait (hors personnalisation).<\/p><h1>Livraison<\/h1><p>Pour les livraisons du webshop, le RFC Seraing livre les commandes avec le transporteur Bpost.<\/p><p>La livraison a lieu dans un maximum de 30 jours apr\u00e8s la commande, y compris les produits personnalis\u00e9s.<\/p><p>Si votre colis rentre dans la bo\u00eete aux lettres, le transporteur l\u2019y livrera. Sinon, une tentative de livraison sera effectu\u00e9e. Si vous n\u2019\u00eates pas l\u00e0 au moment de la livraison, le transporteur reprendra votre colis en laissant un avis de passage dans votre bo\u00eete au lettres.<\/p><\/div><\/div><\/div><\/div><\/div>\n","protected":false},"excerpt":{"rendered":"<p>Le RFC Seraing et Kappa pr\u00e9sentent le nouveau maillot ext\u00e9rieur de la saison 2024\/2025, la r\u00e9plique officielle du maillot de match ext\u00e9rieur pour la nouvelle saison. Cette saison, le blanc fait son grand retour au Pairay ! Notre maillot, avec des bandes rouges et noires sur les bordures des manches et du col, \u00e9voque fi\u00e8rement [&hellip;]<\/p>\n","protected":false},"featured_media":6491,"comment_status":"open","ping_status":"closed","template":"","meta":[],"product_brand":[],"product_cat":[195,210,209,295,252,200],"product_tag":[],"class_list":{"0":"post-6093","1":"product","2":"type-product","3":"status-publish","4":"has-post-thumbnail","6":"product_cat-adultes","7":"product_cat-exterieur","8":"product_cat-junior","9":"product_cat-maillot-24-25","10":"product_cat-promotion","11":"product_cat-tenues-de-matchs","13":"first","14":"instock","15":"sale","16":"taxable","17":"shipping-taxable","18":"purchasable","19":"product-type-variable"},"jetpack_sharing_enabled":true,"_links":{"self":[{"href":"https:\/\/www.rfc-seraing.be\/fanshop\/wp-json\/wp\/v2\/product\/6093","targetHints":{"allow":["GET"]}}],"collection":[{"href":"https:\/\/www.rfc-seraing.be\/fanshop\/wp-json\/wp\/v2\/product"}],"about":[{"href":"https:\/\/www.rfc-seraing.be\/fanshop\/wp-json\/wp\/v2\/types\/product"}],"replies":[{"embeddable":true,"href":"https:\/\/www.rfc-seraing.be\/fanshop\/wp-json\/wp\/v2\/comments?post=6093"}],"wp:featuredmedia":[{"embeddable":true,"href":"https:\/\/www.rfc-seraing.be\/fanshop\/wp-json\/wp\/v2\/media\/6491"}],"wp:attachment":[{"href":"https:\/\/www.rfc-seraing.be\/fanshop\/wp-json\/wp\/v2\/media?parent=6093"}],"wp:term":[{"taxonomy":"product_brand","embeddable":true,"href":"https:\/\/www.rfc-seraing.be\/fanshop\/wp-json\/wp\/v2\/product_brand?post=6093"},{"taxonomy":"product_cat","embeddable":true,"href":"https:\/\/www.rfc-seraing.be\/fanshop\/wp-json\/wp\/v2\/product_cat?post=6093"},{"taxonomy":"product_tag","embeddable":true,"href":"https:\/\/www.rfc-seraing.be\/fanshop\/wp-json\/wp\/v2\/product_tag?post=6093"}],"curies":[{"name":"wp","href":"https:\/\/api.w.org\/{rel}","templated":true}]}}