{"id":6306,"date":"2025-08-12T10:01:14","date_gmt":"2025-08-12T08:01:14","guid":{"rendered":"https:\/\/www.rfc-seraing.be\/fanshop\/?post_type=product&#038;p=6306"},"modified":"2026-02-18T15:51:09","modified_gmt":"2026-02-18T14:51:09","slug":"precommande-maillot-domicile-25-26","status":"publish","type":"product","link":"https:\/\/www.rfc-seraing.be\/fanshop\/produit\/precommande-maillot-domicile-25-26\/","title":{"rendered":"MAILLOT DOMICILE 25\/26"},"content":{"rendered":"<p><strong>EN RAISON D&rsquo;UNE LIVRAISON TARDIVE, LES MAILLOTS SONT UNIQUEMENT DISPONIBLES EN PR\u00c9COMMANDE. Les informations sur la date de livraison arriveront prochainement.\u00a0<\/strong><\/p>\n<p>Le RFC Seraing et Kappa pr\u00e9sentent le nouveau maillot domicile de la saison 2025\/2026 !<\/p>\n<p>Le nouveau maillot domicile du RFC Seraing arbore un design audacieux : rouge d\u2019un c\u00f4t\u00e9, noir de l\u2019autre, s\u00e9par\u00e9s par une fine bande dor\u00e9e qui sublime les deux couleurs embl\u00e9matiques du club. Dans le haut du dos, l\u2019ancien logo rappelle avec fiert\u00e9 l\u2019h\u00e9ritage historique du RFC Seraing. Dot\u00e9 d\u2019un col \u00e9l\u00e9gant, ce mod\u00e8le moderne et \u00e9pur\u00e9 incarne l\u2019union parfaite entre tradition et innovation. <strong data-start=\"502\" data-end=\"535\">Rouge passion et noir charbon<\/strong>, ces couleurs, port\u00e9es avec \u00e9clat et fiert\u00e9, cr\u00e9ent une pi\u00e8ce unique et raffin\u00e9e, v\u00e9ritable symbole de l\u2019identit\u00e9 et de la passion du club.<\/p>\n<p>PARTENAIRES<br \/>\nJohn Cockerill est le sponsor de la manche droite du maillot.<\/p>\n<p>D\u00c9TAILS<br \/>\n\u2022 Fabriqu\u00e9 au Portugal,<br \/>\n\u2022 Tissu extensible fabriqu\u00e9 \u00e0 partir de polyester,<br \/>\n\u2022 Logo officiel du RFC Seraing sublim\u00e9 sur la poitrine gauche (pour les REPLICA),<br \/>\n\u2022 Logo officiel du RFC Seraing en PVC sur la poitrine gauche (pour les PREMIUM),<br \/>\n\u2022 Col en V (pour les PREMIUM),<br \/>\n\u2022 Logo du partenaire John Cockerill floqu\u00e9 sur la manche droite,<br \/>\n\u2022 Logo du partenaire BMW\/Mini Delbecq floqu\u00e9 sur l&rsquo;arri\u00e8re du maillot,<br \/>\n\u2022 Maillot rouge du c\u00f4t\u00e9 gauche, et noir du c\u00f4t\u00e9 droit, s\u00e9par\u00e9 d&rsquo;une bande dor\u00e9e,<br \/>\n\u2022 Bandes dor\u00e9 situ\u00e9s de part et d&rsquo;autre des rebords des manches et du col,<br \/>\n\u2022 Coupe \u00e9troite (CONSEIL : prendre une taille au-dessus).<\/p>\n<p>MATI\u00c8RES ET ENTRETIEN<br \/>\n\u2022 Mati\u00e8re ext\u00e9rieure : 100% polyester<br \/>\n\u2022 D\u00e9tails : 100% polyester<br \/>\n\u2022 Suivez toujours les instructions relatives \u00e0 l&rsquo;entretien de ce v\u00eatement imprim\u00e9 sur l&rsquo;\u00e9tiquette int\u00e9rieure afin de pr\u00e9server son aspect unique.<\/p>\n<style>#sp-ea-6027 .spcollapsing { height: 0; overflow: hidden; transition-property: height;transition-duration: 300ms;}#sp-ea-6027.sp-easy-accordion>.sp-ea-single {margin-bottom: 10px; border: 1px solid #e2e2e2; }#sp-ea-6027.sp-easy-accordion>.sp-ea-single>.ea-header a {color: #444444;}#sp-ea-6027.sp-easy-accordion>.sp-ea-single>.sp-collapse>.ea-body {background: transparent; color: #444;}#sp-ea-6027.sp-easy-accordion>.sp-ea-single {background: transparent;}#sp-ea-6027.sp-easy-accordion>.sp-ea-single>.ea-header a .ea-expand-icon { float: left; color: #444;font-size: 16px;}<\/style><div id=\"sp_easy_accordion-1708598606\"><div id=\"sp-ea-6027\" class=\"sp-ea-one sp-easy-accordion\" data-ea-active=\"ea-click\" data-ea-mode=\"vertical\" data-preloader=\"\" data-scroll-active-item=\"\" data-offset-to-scroll=\"0\"><div class=\"ea-card ea-expand sp-ea-single\"><h3 class=\"ea-header\"><a class=\"collapsed\" id=\"ea-header-60270\" role=\"button\" data-sptoggle=\"spcollapse\" data-sptarget=\"#collapse60270\" aria-controls=\"collapse60270\" href=\"#\" aria-expanded=\"true\" tabindex=\"0\"><i aria-hidden=\"true\" role=\"presentation\" class=\"ea-expand-icon eap-icon-ea-expand-minus\"><\/i> Informations d'exp\u00e9ditions<\/a><\/h3><div class=\"sp-collapse spcollapse collapsed show\" id=\"collapse60270\" role=\"region\" aria-labelledby=\"ea-header-60270\"> <div class=\"ea-body\"><h1>Retrait au Fan-shop<\/h1><p>Pour les retrais au Fan-shop, vous recevrez un courriel de confirmation dans un maximum 10 jours suivant votre commande vous informant de la disponibilit\u00e9 de celle-ci pour le retrait (hors personnalisation).<\/p><h1>Livraison<\/h1><p>Pour les livraisons du webshop, le RFC Seraing livre les commandes avec le transporteur Bpost.<\/p><p>La livraison a lieu dans un maximum de 30 jours apr\u00e8s la commande, y compris les produits personnalis\u00e9s.<\/p><p>Si votre colis rentre dans la bo\u00eete aux lettres, le transporteur l\u2019y livrera. Sinon, une tentative de livraison sera effectu\u00e9e. Si vous n\u2019\u00eates pas l\u00e0 au moment de la livraison, le transporteur reprendra votre colis en laissant un avis de passage dans votre bo\u00eete au lettres.<\/p><\/div><\/div><\/div><\/div><\/div>\n","protected":false},"excerpt":{"rendered":"<p><strong>EN RAISON D\u2019UNE LIVRAISON TARDIVE, LES MAILLOTS SONT UNIQUEMENT DISPONIBLES EN PR\u00c9COMMANDE. Les informations sur la date de livraison arriveront prochainement.\u00a0<\/strong><\/p>\n<p>REPLICA : Maillot sans col et logo sublim\u00e9. Version supporter.<\/p>\n<p>PREMIUM : Maillot avec col, logo en PVC. Version joueur.<\/p>\n","protected":false},"featured_media":6324,"comment_status":"open","ping_status":"closed","template":"","meta":[],"product_brand":[],"product_cat":[201,305,200],"product_tag":[258,297,299,263,300,274,259,273,298],"class_list":{"0":"post-6306","1":"product","2":"type-product","3":"status-publish","4":"has-post-thumbnail","6":"product_cat-domicile","7":"product_cat-maillot-25-26","8":"product_cat-tenues-de-matchs","9":"product_tag-kappa","10":"product_tag-maillot","11":"product_tag-maillot-25-26","12":"product_tag-maillot-domicile","13":"product_tag-maillot-rfc-seraing-25-26","14":"product_tag-merchandising","15":"product_tag-rfc-seraing","16":"product_tag-rfcs","17":"product_tag-vareuse","19":"first","20":"instock","21":"featured","22":"taxable","23":"shipping-taxable","24":"purchasable","25":"product-type-variable"},"jetpack_sharing_enabled":true,"_links":{"self":[{"href":"https:\/\/www.rfc-seraing.be\/fanshop\/wp-json\/wp\/v2\/product\/6306","targetHints":{"allow":["GET"]}}],"collection":[{"href":"https:\/\/www.rfc-seraing.be\/fanshop\/wp-json\/wp\/v2\/product"}],"about":[{"href":"https:\/\/www.rfc-seraing.be\/fanshop\/wp-json\/wp\/v2\/types\/product"}],"replies":[{"embeddable":true,"href":"https:\/\/www.rfc-seraing.be\/fanshop\/wp-json\/wp\/v2\/comments?post=6306"}],"wp:featuredmedia":[{"embeddable":true,"href":"https:\/\/www.rfc-seraing.be\/fanshop\/wp-json\/wp\/v2\/media\/6324"}],"wp:attachment":[{"href":"https:\/\/www.rfc-seraing.be\/fanshop\/wp-json\/wp\/v2\/media?parent=6306"}],"wp:term":[{"taxonomy":"product_brand","embeddable":true,"href":"https:\/\/www.rfc-seraing.be\/fanshop\/wp-json\/wp\/v2\/product_brand?post=6306"},{"taxonomy":"product_cat","embeddable":true,"href":"https:\/\/www.rfc-seraing.be\/fanshop\/wp-json\/wp\/v2\/product_cat?post=6306"},{"taxonomy":"product_tag","embeddable":true,"href":"https:\/\/www.rfc-seraing.be\/fanshop\/wp-json\/wp\/v2\/product_tag?post=6306"}],"curies":[{"name":"wp","href":"https:\/\/api.w.org\/{rel}","templated":true}]}}