{"id":6404,"date":"2025-11-13T11:35:15","date_gmt":"2025-11-13T10:35:15","guid":{"rendered":"https:\/\/www.rfc-seraing.be\/fanshop\/?post_type=product&#038;p=6404"},"modified":"2026-05-06T13:51:52","modified_gmt":"2026-05-06T11:51:52","slug":"maillot-125-ans","status":"publish","type":"product","link":"https:\/\/www.rfc-seraing.be\/fanshop\/produit\/maillot-125-ans\/","title":{"rendered":"MAILLOT 125 ANS"},"content":{"rendered":"<p>Le RFC Seraing et Kappa pr\u00e9sentent le nouveau maillot third, une pi\u00e8ce unique qui c\u00e9l\u00e8bre les <strong>125 ans des d\u00e9buts du football dans la Cit\u00e9 du Fer,<\/strong>\u00a0riche d&rsquo;\u2019histoire et de passion !<\/p>\n<p data-start=\"298\" data-end=\"681\">Tout de rouge v\u00eatu, ce maillot est parcouru de lignes noires horizontales, clin d\u2019\u0153il \u00e9l\u00e9gant aux tenues mythiques d\u2019autrefois. L\u2019ancien logo du RFC Seraing tr\u00f4ne fi\u00e8rement sur la poitrine, symbole intemporel d\u2019un h\u00e9ritage qui traverse les g\u00e9n\u00e9rations. De subtiles touches dor\u00e9es viennent sublimer l\u2019ensemble, apportant une note de prestige \u00e0 ce mod\u00e8le empreint de tradition.<\/p>\n<p data-start=\"683\" data-end=\"1004\">Alliant authenticit\u00e9 et modernit\u00e9, ce maillot c\u00e9l\u00e8bre <strong data-start=\"737\" data-end=\"774\">les 125 ans du football \u00e0 Seraing<\/strong> avec \u00e9clat. Rouge de passion, noir d\u2019intensit\u00e9 et or d\u2019\u00e9l\u00e9gance : trois couleurs qui incarnent la fiert\u00e9 et l\u2019histoire du club. Un hommage vibrant \u00e0 ceux qui ont \u00e9crit, et \u00e9crivent encore, le football au RFC Seraing.<\/p>\n<p data-start=\"683\" data-end=\"1004\">Maillot approuv\u00e9 par \ud835\ude44\ud835\ude59\ud835\ude64, \ud835\ude3c\ud835\ude61\ud835\ude57\ud835\ude5a\ud835\ude67\ud835\ude69, \ud835\ude40\ud835\ude59\ud835\ude62\ud835\ude5e\ud835\ude61\ud835\ude68\ud835\ude64\ud835\ude63, \ud835\ude41\ud835\ude67\ud835\ude5a\ud835\ude59\ud835\ude59\ud835\ude6e, \ud835\ude40\ud835\ude59\ud835\ude68\ud835\ude64\ud835\ude63, &amp; \ud835\ude48\ud835\ude56\ud835\ude67\ud835\ude5e\ud835\ude63\ud835\ude60\ud835\ude64 !\u00a0<span class=\"html-span xexx8yu xyri2b x18d9i69 x1c1uobl x1hl2dhg x16tdsg8 x1vvkbs x3nfvp2 x1j61x8r x1fcty0u xdj266r xat24cr xm2jcoa x1mpyi22 xxymvpz xlup9mm x1kky2od\"><img loading=\"lazy\" decoding=\"async\" class=\"xz74otr x15mokao x1ga7v0g x16uus16 xbiv7yw\" src=\"https:\/\/static.xx.fbcdn.net\/images\/emoji.php\/v9\/t6c\/1\/16\/2764.png\" alt=\"\u2764\ufe0f\" width=\"16\" height=\"16\" \/><\/span><span class=\"html-span xexx8yu xyri2b x18d9i69 x1c1uobl x1hl2dhg x16tdsg8 x1vvkbs x3nfvp2 x1j61x8r x1fcty0u xdj266r xat24cr xm2jcoa x1mpyi22 xxymvpz xlup9mm x1kky2od\"><img loading=\"lazy\" decoding=\"async\" class=\"xz74otr x15mokao x1ga7v0g x16uus16 xbiv7yw\" src=\"https:\/\/static.xx.fbcdn.net\/images\/emoji.php\/v9\/t0\/1\/16\/1f5a4.png\" alt=\"\ud83d\udda4\" width=\"16\" height=\"16\" \/><\/span><\/p>\n<p>PARTENAIRES<br \/>\nJohn Cockerill est le sponsor de la manche droite du maillot. Assurances Liurno est le sponsor en haut du dos du maillot. BMW\/Mini Delbecq est le sponsor du bas du dos du maillot.<\/p>\n<p>D\u00c9TAILS<br \/>\n\u2022 Fabriqu\u00e9 au Portugal,<br \/>\n\u2022 Tissu extensible fabriqu\u00e9 \u00e0 partir de polyester,<br \/>\n\u2022 Logo officiel du RFC Seraing sublim\u00e9 sur la poitrine gauche (pour les REPLICA),<br \/>\n\u2022 Logo officiel du RFC Seraing en PVC sur la poitrine gauche (pour les PREMIUM),<br \/>\n\u2022 Col en V (pour les PREMIUM),<br \/>\n\u2022 Logo du partenaire John Cockerill floqu\u00e9 sur la manche droite,<br \/>\n\u2022 Logo du partenaire Assurances Liurno floqu\u00e9 sur le haut de l&rsquo;arri\u00e8re du maillot,<br \/>\n\u2022 Logo du partenaire BMW\/Mini Delbecq floqu\u00e9 sur le bas de l&rsquo;arri\u00e8re du maillot,<br \/>\n\u2022 Maillot rouge parcouru de lignes noires horizontales,<br \/>\n\u2022 Bandes dor\u00e9s situ\u00e9s de part et d&rsquo;autre des rebords des manches et du col,<br \/>\n\u2022 Coupe \u00e9troite (CONSEIL : prendre une taille au-dessus).<\/p>\n<p>&nbsp;<\/p>\n<p>MATI\u00c8RES ET ENTRETIEN<br \/>\n\u2022 Mati\u00e8re ext\u00e9rieure : 100% polyester<br \/>\n\u2022 D\u00e9tails : 100% polyester<br \/>\n\u2022 Suivez toujours les instructions relatives \u00e0 l&rsquo;entretien de ce v\u00eatement imprim\u00e9 sur l&rsquo;\u00e9tiquette int\u00e9rieure afin de pr\u00e9server son aspect unique.<\/p>\n<style>#sp-ea-6027 .spcollapsing { height: 0; overflow: hidden; transition-property: height;transition-duration: 300ms;}#sp-ea-6027.sp-easy-accordion>.sp-ea-single {margin-bottom: 10px; border: 1px solid #e2e2e2; }#sp-ea-6027.sp-easy-accordion>.sp-ea-single>.ea-header a {color: #444444;}#sp-ea-6027.sp-easy-accordion>.sp-ea-single>.sp-collapse>.ea-body {background: transparent; color: #444;}#sp-ea-6027.sp-easy-accordion>.sp-ea-single {background: transparent;}#sp-ea-6027.sp-easy-accordion>.sp-ea-single>.ea-header a .ea-expand-icon { float: left; color: #444;font-size: 16px;}<\/style><div id=\"sp_easy_accordion-1708598606\"><div id=\"sp-ea-6027\" class=\"sp-ea-one sp-easy-accordion\" data-ea-active=\"ea-click\" data-ea-mode=\"vertical\" data-preloader=\"\" data-scroll-active-item=\"\" data-offset-to-scroll=\"0\"><div class=\"ea-card ea-expand sp-ea-single\"><h3 class=\"ea-header\"><a class=\"collapsed\" id=\"ea-header-60270\" role=\"button\" data-sptoggle=\"spcollapse\" data-sptarget=\"#collapse60270\" aria-controls=\"collapse60270\" href=\"#\" aria-expanded=\"true\" tabindex=\"0\"><i aria-hidden=\"true\" role=\"presentation\" class=\"ea-expand-icon eap-icon-ea-expand-minus\"><\/i> Informations d'exp\u00e9ditions<\/a><\/h3><div class=\"sp-collapse spcollapse collapsed show\" id=\"collapse60270\" role=\"region\" aria-labelledby=\"ea-header-60270\"> <div class=\"ea-body\"><h1>Retrait au Fan-shop<\/h1><p>Pour les retrais au Fan-shop, vous recevrez un courriel de confirmation dans un maximum 10 jours suivant votre commande vous informant de la disponibilit\u00e9 de celle-ci pour le retrait (hors personnalisation).<\/p><h1>Livraison<\/h1><p>Pour les livraisons du webshop, le RFC Seraing livre les commandes avec le transporteur Bpost.<\/p><p>La livraison a lieu dans un maximum de 30 jours apr\u00e8s la commande, y compris les produits personnalis\u00e9s.<\/p><p>Si votre colis rentre dans la bo\u00eete aux lettres, le transporteur l\u2019y livrera. Sinon, une tentative de livraison sera effectu\u00e9e. Si vous n\u2019\u00eates pas l\u00e0 au moment de la livraison, le transporteur reprendra votre colis en laissant un avis de passage dans votre bo\u00eete au lettres.<\/p><\/div><\/div><\/div><\/div><\/div>\n","protected":false},"excerpt":{"rendered":"<p>REPLICA : Maillot sans col et logo sublim\u00e9. Version supporter.<\/p>\n<p>PREMIUM : Maillot avec col, logo en PVC. Version joueur.<\/p>\n","protected":false},"featured_media":6421,"comment_status":"open","ping_status":"closed","template":"","meta":[],"product_brand":[],"product_cat":[306,305,200],"product_tag":[307,258,297,308,263,309,310,274,259,273,298],"class_list":{"0":"post-6404","1":"product","2":"type-product","3":"status-publish","4":"has-post-thumbnail","6":"product_cat-maillot-125-ans","7":"product_cat-maillot-25-26","8":"product_cat-tenues-de-matchs","9":"product_tag-125-ans","10":"product_tag-kappa","11":"product_tag-maillot","12":"product_tag-maillot-125-ans","13":"product_tag-maillot-domicile","14":"product_tag-maillot-rfc-seraing-125-ans","15":"product_tag-maillot-third","16":"product_tag-merchandising","17":"product_tag-rfc-seraing","18":"product_tag-rfcs","19":"product_tag-vareuse","21":"first","22":"instock","23":"featured","24":"taxable","25":"shipping-taxable","26":"purchasable","27":"product-type-variable"},"jetpack_sharing_enabled":true,"_links":{"self":[{"href":"https:\/\/www.rfc-seraing.be\/fanshop\/wp-json\/wp\/v2\/product\/6404","targetHints":{"allow":["GET"]}}],"collection":[{"href":"https:\/\/www.rfc-seraing.be\/fanshop\/wp-json\/wp\/v2\/product"}],"about":[{"href":"https:\/\/www.rfc-seraing.be\/fanshop\/wp-json\/wp\/v2\/types\/product"}],"replies":[{"embeddable":true,"href":"https:\/\/www.rfc-seraing.be\/fanshop\/wp-json\/wp\/v2\/comments?post=6404"}],"wp:featuredmedia":[{"embeddable":true,"href":"https:\/\/www.rfc-seraing.be\/fanshop\/wp-json\/wp\/v2\/media\/6421"}],"wp:attachment":[{"href":"https:\/\/www.rfc-seraing.be\/fanshop\/wp-json\/wp\/v2\/media?parent=6404"}],"wp:term":[{"taxonomy":"product_brand","embeddable":true,"href":"https:\/\/www.rfc-seraing.be\/fanshop\/wp-json\/wp\/v2\/product_brand?post=6404"},{"taxonomy":"product_cat","embeddable":true,"href":"https:\/\/www.rfc-seraing.be\/fanshop\/wp-json\/wp\/v2\/product_cat?post=6404"},{"taxonomy":"product_tag","embeddable":true,"href":"https:\/\/www.rfc-seraing.be\/fanshop\/wp-json\/wp\/v2\/product_tag?post=6404"}],"curies":[{"name":"wp","href":"https:\/\/api.w.org\/{rel}","templated":true}]}}