{"id":6531,"date":"2025-12-23T13:24:10","date_gmt":"2025-12-23T12:24:10","guid":{"rendered":"https:\/\/www.rfc-seraing.be\/fanshop\/?post_type=product&#038;p=6531"},"modified":"2026-01-29T12:53:46","modified_gmt":"2026-01-29T11:53:46","slug":"coffret-125-ans-liegin-0-original","status":"publish","type":"product","link":"https:\/\/www.rfc-seraing.be\/fanshop\/produit\/coffret-125-ans-liegin-0-original\/","title":{"rendered":"Coffret 125 ans &#8211; Li\u00e9Gin 0\u00b0 Original"},"content":{"rendered":"<p>Version sans alcool.<\/p>\n<p><u>Sp\u00e9cifications<\/u><\/p>\n<ul>\n<li>Gin de la marque Li\u00e9Gin<\/li>\n<li>Volume d&rsquo;alcool 0%<\/li>\n<li>Contenance 0,5L<\/li>\n<li>Ingr\u00e9dients principaux : M\u00fbre, Cassis, Myrtille<\/li>\n<li>Certifications Agriculture EU, BIO<\/li>\n<\/ul>\n<p>&nbsp;<\/p>\n<p><u>Composition du coffret<\/u><\/p>\n<ul>\n<li>Une bouteille de Li\u00e8Gin 0\u00b0 Original 50cl,<\/li>\n<li>Un d\u00e9capsuleur,<\/li>\n<li>2 verres.<\/li>\n<\/ul>\n<p>&nbsp;<\/p>\n<p><u>Recommandation<\/u><br \/>\nParfait avec un tonic neutre ou m\u00e9diterran\u00e9en, et quelques fruits des bois frais ou surgel\u00e9s.<\/p>\n","protected":false},"excerpt":{"rendered":"<p>Les saveurs de m\u00fbres, de cassis et de myrtilles du Li\u00e8Gin 0\u00b0 Original dans une bouteille exclusive au 125 ans du RFC Seraing.<\/p>\n<p>Version sans alcool.<\/p>\n","protected":false},"featured_media":6562,"comment_status":"open","ping_status":"closed","template":"","meta":[],"product_brand":[],"product_cat":[279,311],"product_tag":[],"class_list":{"0":"post-6531","1":"product","2":"type-product","3":"status-publish","4":"has-post-thumbnail","6":"product_cat-divers","7":"product_cat-liegin","9":"first","10":"instock","11":"featured","12":"taxable","13":"shipping-taxable","14":"purchasable","15":"product-type-simple"},"jetpack_sharing_enabled":true,"_links":{"self":[{"href":"https:\/\/www.rfc-seraing.be\/fanshop\/wp-json\/wp\/v2\/product\/6531","targetHints":{"allow":["GET"]}}],"collection":[{"href":"https:\/\/www.rfc-seraing.be\/fanshop\/wp-json\/wp\/v2\/product"}],"about":[{"href":"https:\/\/www.rfc-seraing.be\/fanshop\/wp-json\/wp\/v2\/types\/product"}],"replies":[{"embeddable":true,"href":"https:\/\/www.rfc-seraing.be\/fanshop\/wp-json\/wp\/v2\/comments?post=6531"}],"wp:featuredmedia":[{"embeddable":true,"href":"https:\/\/www.rfc-seraing.be\/fanshop\/wp-json\/wp\/v2\/media\/6562"}],"wp:attachment":[{"href":"https:\/\/www.rfc-seraing.be\/fanshop\/wp-json\/wp\/v2\/media?parent=6531"}],"wp:term":[{"taxonomy":"product_brand","embeddable":true,"href":"https:\/\/www.rfc-seraing.be\/fanshop\/wp-json\/wp\/v2\/product_brand?post=6531"},{"taxonomy":"product_cat","embeddable":true,"href":"https:\/\/www.rfc-seraing.be\/fanshop\/wp-json\/wp\/v2\/product_cat?post=6531"},{"taxonomy":"product_tag","embeddable":true,"href":"https:\/\/www.rfc-seraing.be\/fanshop\/wp-json\/wp\/v2\/product_tag?post=6531"}],"curies":[{"name":"wp","href":"https:\/\/api.w.org\/{rel}","templated":true}]}}