{"id":6532,"date":"2025-12-22T14:59:56","date_gmt":"2025-12-22T13:59:56","guid":{"rendered":"https:\/\/www.rfc-seraing.be\/fanshop\/?post_type=product&#038;p=6532"},"modified":"2026-01-27T17:50:56","modified_gmt":"2026-01-27T16:50:56","slug":"coffret-125-ans-liegin-original","status":"publish","type":"product","link":"https:\/\/www.rfc-seraing.be\/fanshop\/produit\/coffret-125-ans-liegin-original\/","title":{"rendered":"Coffret 125 ans &#8211; Li\u00e9Gin Original"},"content":{"rendered":"<p>Version avec alcool.<\/p>\n<p><u>Sp\u00e9cifications<\/u> :<\/p>\n<ul>\n<li>Gin de la marque Li\u00e9Gin<\/li>\n<li>Volume d&rsquo;alcool 43%<\/li>\n<li>Contenance 0,5L<\/li>\n<li>Ingr\u00e9dients principaux : M\u00fbre, Cassis, Myrtille<\/li>\n<li>Certifications Agriculture EU, BIO<\/li>\n<\/ul>\n<p>&nbsp;<\/p>\n<p><u>Composition du coffret<\/u><\/p>\n<ul>\n<li>Une bouteille de Li\u00e8Gin Original 50cl,<\/li>\n<li>Un d\u00e9capsuleur,<\/li>\n<li>2 verres.<\/li>\n<\/ul>\n<p>&nbsp;<\/p>\n<p><u>Recommandation<\/u><br \/>\nParfait avec un tonic neutre ou m\u00e9diterran\u00e9en, et quelques fruits des bois frais ou surgel\u00e9s.<\/p>\n<p>&nbsp;<\/p>\n<p>L&rsquo;abus d&rsquo;alcool est dangereux pour la sant\u00e9, \u00e0 consommer avec mod\u00e9ration.<\/p>\n<p>Vente interdite aux mineurs.<\/p>\n","protected":false},"excerpt":{"rendered":"<p>Les saveurs de m\u00fbres, de cassis et de myrtilles du Li\u00e8Gin Original dans une bouteille exclusive au 125 ans du RFC Seraing.<\/p>\n","protected":false},"featured_media":6558,"comment_status":"open","ping_status":"closed","template":"","meta":[],"product_brand":[],"product_cat":[279,311,312],"product_tag":[],"class_list":{"0":"post-6532","1":"product","2":"type-product","3":"status-publish","4":"has-post-thumbnail","6":"product_cat-divers","7":"product_cat-liegin","8":"product_cat-liegin-alcool","10":"first","11":"instock","12":"featured","13":"taxable","14":"shipping-taxable","15":"purchasable","16":"product-type-simple"},"jetpack_sharing_enabled":true,"_links":{"self":[{"href":"https:\/\/www.rfc-seraing.be\/fanshop\/wp-json\/wp\/v2\/product\/6532","targetHints":{"allow":["GET"]}}],"collection":[{"href":"https:\/\/www.rfc-seraing.be\/fanshop\/wp-json\/wp\/v2\/product"}],"about":[{"href":"https:\/\/www.rfc-seraing.be\/fanshop\/wp-json\/wp\/v2\/types\/product"}],"replies":[{"embeddable":true,"href":"https:\/\/www.rfc-seraing.be\/fanshop\/wp-json\/wp\/v2\/comments?post=6532"}],"wp:featuredmedia":[{"embeddable":true,"href":"https:\/\/www.rfc-seraing.be\/fanshop\/wp-json\/wp\/v2\/media\/6558"}],"wp:attachment":[{"href":"https:\/\/www.rfc-seraing.be\/fanshop\/wp-json\/wp\/v2\/media?parent=6532"}],"wp:term":[{"taxonomy":"product_brand","embeddable":true,"href":"https:\/\/www.rfc-seraing.be\/fanshop\/wp-json\/wp\/v2\/product_brand?post=6532"},{"taxonomy":"product_cat","embeddable":true,"href":"https:\/\/www.rfc-seraing.be\/fanshop\/wp-json\/wp\/v2\/product_cat?post=6532"},{"taxonomy":"product_tag","embeddable":true,"href":"https:\/\/www.rfc-seraing.be\/fanshop\/wp-json\/wp\/v2\/product_tag?post=6532"}],"curies":[{"name":"wp","href":"https:\/\/api.w.org\/{rel}","templated":true}]}}